{"id":215,"date":"2020-08-17T14:42:04","date_gmt":"2020-08-17T14:42:04","guid":{"rendered":"https:\/\/startersites.io\/blocksy\/business\/?page_id=215"},"modified":"2025-06-16T13:00:10","modified_gmt":"2025-06-16T12:00:10","slug":"cjenik","status":"publish","type":"page","link":"https:\/\/17.fitness\/en\/cjenik\/","title":{"rendered":"Membership"},"content":{"rendered":"<div data-elementor-type=\"wp-page\" data-elementor-id=\"215\" class=\"elementor elementor-215\">\n\t\t\t\t\t\t<section class=\"elementor-section elementor-top-section elementor-element elementor-element-25b7d045 ct-section-stretched elementor-section-boxed elementor-section-height-default elementor-section-height-default\" data-id=\"25b7d045\" data-element_type=\"section\" data-e-type=\"section\" data-settings=\"{&quot;background_background&quot;:&quot;classic&quot;}\">\n\t\t\t\t\t\t\t<div class=\"elementor-background-overlay\"><\/div>\n\t\t\t\t\t\t\t<div class=\"elementor-container elementor-column-gap-default\">\n\t\t\t\t\t<div class=\"elementor-column elementor-col-50 elementor-top-column elementor-element elementor-element-36c6fc68\" data-id=\"36c6fc68\" data-element_type=\"column\" data-e-type=\"column\">\n\t\t\t<div class=\"elementor-widget-wrap elementor-element-populated\">\n\t\t\t\t\t\t<div class=\"elementor-element elementor-element-77dcf47e elementor-widget elementor-widget-heading\" data-id=\"77dcf47e\" data-element_type=\"widget\" data-e-type=\"widget\" data-widget_type=\"heading.default\">\n\t\t\t\t<div class=\"elementor-widget-container\">\n\t\t\t\t\t<h2 class=\"elementor-heading-title elementor-size-default\">Membership Plans \u2013 Fitness Center 17<\/h2>\t\t\t\t<\/div>\n\t\t\t\t<\/div>\n\t\t\t\t<div class=\"elementor-element elementor-element-278ad5b6 elementor-widget elementor-widget-text-editor\" data-id=\"278ad5b6\" data-element_type=\"widget\" data-e-type=\"widget\" data-widget_type=\"text-editor.default\">\n\t\t\t\t<div class=\"elementor-widget-container\">\n\t\t\t\t\t\t\t\t\t<p>\ud83d\udcde Ready to train?<br \/>\ud83d\udc49 Contact us or visit the gym in person!<\/p>\t\t\t\t\t\t\t\t<\/div>\n\t\t\t\t<\/div>\n\t\t\t\t\t<\/div>\n\t\t<\/div>\n\t\t\t\t<div class=\"elementor-column elementor-col-50 elementor-top-column elementor-element elementor-element-459a500f elementor-hidden-tablet elementor-hidden-phone\" data-id=\"459a500f\" data-element_type=\"column\" data-e-type=\"column\">\n\t\t\t<div class=\"elementor-widget-wrap\">\n\t\t\t\t\t\t\t<\/div>\n\t\t<\/div>\n\t\t\t\t\t<\/div>\n\t\t<\/section>\n\t\t\t\t<section class=\"elementor-section elementor-top-section elementor-element elementor-element-740778b9 elementor-section-boxed elementor-section-height-default elementor-section-height-default\" data-id=\"740778b9\" data-element_type=\"section\" data-e-type=\"section\">\n\t\t\t\t\t\t<div class=\"elementor-container elementor-column-gap-no\">\n\t\t\t\t\t<div class=\"elementor-column elementor-col-100 elementor-top-column elementor-element elementor-element-34bc9c5b\" data-id=\"34bc9c5b\" data-element_type=\"column\" data-e-type=\"column\">\n\t\t\t<div class=\"elementor-widget-wrap elementor-element-populated\">\n\t\t\t\t\t\t<div class=\"elementor-element elementor-element-1f86abc9 elementor-widget elementor-widget-spacer\" data-id=\"1f86abc9\" data-element_type=\"widget\" data-e-type=\"widget\" data-widget_type=\"spacer.default\">\n\t\t\t\t<div class=\"elementor-widget-container\">\n\t\t\t\t\t\t\t<div class=\"elementor-spacer\">\n\t\t\t<div class=\"elementor-spacer-inner\"><\/div>\n\t\t<\/div>\n\t\t\t\t\t\t<\/div>\n\t\t\t\t<\/div>\n\t\t\t\t\t<\/div>\n\t\t<\/div>\n\t\t\t\t\t<\/div>\n\t\t<\/section>\n\t\t<div class=\"elementor-element elementor-element-dffa4a0 e-flex e-con-boxed e-con e-parent\" data-id=\"dffa4a0\" data-element_type=\"container\" data-e-type=\"container\">\n\t\t\t\t\t<div class=\"e-con-inner\">\n\t\t\t\t<div class=\"elementor-element elementor-element-9c2078c elementor-widget elementor-widget-html\" data-id=\"9c2078c\" data-element_type=\"widget\" data-e-type=\"widget\" data-widget_type=\"html.default\">\n\t\t\t\t<div class=\"elementor-widget-container\">\n\t\t\t\t\t<div id=\"footable_parent_1312\"\n         class=\"footable_parent ninja_table_wrapper loading_ninja_table wp_table_data_press_parent bootstrap3\">\n                <table data-ninja_table_instance=\"ninja_table_instance_0\" data-footable_id=\"1312\" data-filter-delay=\"1000\" aria-label=\"Cjenik grupe (Imported From Table Press)\"            id=\"footable_1312\"\n           data-unique_identifier=\"ninja_table_unique_id_1754971488_1312\"\n           class=\"foo-table ninja_footable foo_table_1312 ninja_table_unique_id_1754971488_1312 table  nt_type_ajax_table vertical_centered  footable-paging-right ninja_table_search_disabled\">\n                <colgroup>\n                            <col class=\"ninja_column_0\">\n                            <col class=\"ninja_column_1\">\n                    <\/colgroup>\n            <\/table>\n    \n    \n    \n<\/div>\n\t\t\t\t<\/div>\n\t\t\t\t<\/div>\n\t\t\t\t\t<\/div>\n\t\t\t\t<\/div>\n\t\t<div class=\"elementor-element elementor-element-8f8c296 e-flex e-con-boxed e-con e-parent\" data-id=\"8f8c296\" data-element_type=\"container\" data-e-type=\"container\">\n\t\t\t\t\t<div class=\"e-con-inner\">\n\t\t\t\t<div class=\"elementor-element elementor-element-4b09e25 elementor-widget elementor-widget-html\" data-id=\"4b09e25\" data-element_type=\"widget\" data-e-type=\"widget\" data-widget_type=\"html.default\">\n\t\t\t\t<div class=\"elementor-widget-container\">\n\t\t\t\t\t<div id=\"footable_parent_1314\"\n         class=\"footable_parent ninja_table_wrapper loading_ninja_table wp_table_data_press_parent bootstrap3\">\n                <table data-ninja_table_instance=\"ninja_table_instance_1\" data-footable_id=\"1314\" data-filter-delay=\"1000\" aria-label=\"Cjenik teretana (Imported From Table Press)\"            id=\"footable_1314\"\n           data-unique_identifier=\"ninja_table_unique_id_2534235482_1314\"\n           class=\"foo-table ninja_footable foo_table_1314 ninja_table_unique_id_2534235482_1314 table  nt_type_ajax_table vertical_centered  footable-paging-right ninja_table_search_disabled\">\n                <colgroup>\n                            <col class=\"ninja_column_0\">\n                            <col class=\"ninja_column_1\">\n                    <\/colgroup>\n            <\/table>\n    \n    \n    \n<\/div>\n\t\t\t\t<\/div>\n\t\t\t\t<\/div>\n\t\t\t\t\t<\/div>\n\t\t\t\t<\/div>\n\t\t<div class=\"elementor-element elementor-element-f11a733 e-flex e-con-boxed e-con e-parent\" data-id=\"f11a733\" data-element_type=\"container\" data-e-type=\"container\">\n\t\t\t\t\t<div class=\"e-con-inner\">\n\t\t\t\t<div class=\"elementor-element elementor-element-ca6b42c elementor-widget elementor-widget-html\" data-id=\"ca6b42c\" data-element_type=\"widget\" data-e-type=\"widget\" data-widget_type=\"html.default\">\n\t\t\t\t<div class=\"elementor-widget-container\">\n\t\t\t\t\t<div id=\"footable_parent_1313\"\n         class=\"footable_parent ninja_table_wrapper loading_ninja_table wp_table_data_press_parent bootstrap3\">\n                <table data-ninja_table_instance=\"ninja_table_instance_2\" data-footable_id=\"1313\" data-filter-delay=\"1000\" aria-label=\"Cjenik visemjesecne (Imported From Table Press)\"            id=\"footable_1313\"\n           data-unique_identifier=\"ninja_table_unique_id_308645943_1313\"\n           class=\"foo-table ninja_footable foo_table_1313 ninja_table_unique_id_308645943_1313 table  nt_type_ajax_table vertical_centered  footable-paging-right ninja_table_search_disabled\">\n                <colgroup>\n                            <col class=\"ninja_column_0\">\n                            <col class=\"ninja_column_1\">\n                    <\/colgroup>\n            <\/table>\n    \n    \n    \n<\/div>\n\t\t\t\t<\/div>\n\t\t\t\t<\/div>\n\t\t\t\t\t<\/div>\n\t\t\t\t<\/div>\n\t\t<div class=\"elementor-element elementor-element-10aa190 e-flex e-con-boxed e-con e-parent\" data-id=\"10aa190\" data-element_type=\"container\" data-e-type=\"container\">\n\t\t\t\t\t<div class=\"e-con-inner\">\n\t\t\t\t<div class=\"elementor-element elementor-element-870fba6 elementor-widget elementor-widget-html\" data-id=\"870fba6\" data-element_type=\"widget\" data-e-type=\"widget\" data-widget_type=\"html.default\">\n\t\t\t\t<div class=\"elementor-widget-container\">\n\t\t\t\t\t<div id=\"footable_parent_1281\"\n         class=\"footable_parent ninja_table_wrapper loading_ninja_table wp_table_data_press_parent bootstrap3\">\n                <table data-ninja_table_instance=\"ninja_table_instance_3\" data-footable_id=\"1281\" data-filter-delay=\"1000\" aria-label=\"CJenik ostalo (Imported From Table Press)\"            id=\"footable_1281\"\n           data-unique_identifier=\"ninja_table_unique_id_1366288850_1281\"\n           class=\"foo-table ninja_footable foo_table_1281 ninja_table_unique_id_1366288850_1281 table  nt_type_ajax_table table-striped vertical_centered  footable-paging-right ninja_table_search_disabled\">\n                <colgroup>\n                            <col class=\"ninja_column_0\">\n                            <col class=\"ninja_column_1\">\n                    <\/colgroup>\n            <\/table>\n    \n    \n    \n<\/div>\n\t\t\t\t<\/div>\n\t\t\t\t<\/div>\n\t\t\t\t\t<\/div>\n\t\t\t\t<\/div>\n\t\t\t\t<section class=\"elementor-section elementor-top-section elementor-element elementor-element-4aebc55 ct-section-stretched elementor-section-boxed elementor-section-height-default elementor-section-height-default\" data-id=\"4aebc55\" data-element_type=\"section\" data-e-type=\"section\" data-settings=\"{&quot;background_background&quot;:&quot;classic&quot;}\">\n\t\t\t\t\t\t\t<div class=\"elementor-background-overlay\"><\/div>\n\t\t\t\t\t\t\t<div class=\"elementor-container elementor-column-gap-default\">\n\t\t\t\t\t<div class=\"elementor-column elementor-col-50 elementor-top-column elementor-element elementor-element-f654678\" data-id=\"f654678\" data-element_type=\"column\" data-e-type=\"column\">\n\t\t\t<div class=\"elementor-widget-wrap elementor-element-populated\">\n\t\t\t\t\t\t<div class=\"elementor-element elementor-element-caa264e elementor-widget elementor-widget-heading\" data-id=\"caa264e\" data-element_type=\"widget\" data-e-type=\"widget\" data-widget_type=\"heading.default\">\n\t\t\t\t<div class=\"elementor-widget-container\">\n\t\t\t\t\t<h2 class=\"elementor-heading-title elementor-size-default\">All plans include:<\/h2>\t\t\t\t<\/div>\n\t\t\t\t<\/div>\n\t\t\t\t<div class=\"elementor-element elementor-element-e844e7a elementor-widget elementor-widget-text-editor\" data-id=\"e844e7a\" data-element_type=\"widget\" data-e-type=\"widget\" data-widget_type=\"text-editor.default\">\n\t\t\t\t<div class=\"elementor-widget-container\">\n\t\t\t\t\t\t\t\t\t<p>\u2705 Use of all equipment<br \/>\u2705 Access to locker rooms and showers<br \/>\u2705 Air conditioning and ventilation<br \/>\u2705 Free parking<br \/>\u2705 Wi-Fi access<br \/>\u2705 Professional supervision and guidance<\/p>\t\t\t\t\t\t\t\t<\/div>\n\t\t\t\t<\/div>\n\t\t\t\t\t<\/div>\n\t\t<\/div>\n\t\t\t\t<div class=\"elementor-column elementor-col-50 elementor-top-column elementor-element elementor-element-de90279\" data-id=\"de90279\" data-element_type=\"column\" data-e-type=\"column\">\n\t\t\t<div class=\"elementor-widget-wrap elementor-element-populated\">\n\t\t\t\t\t\t<div class=\"elementor-element elementor-element-d84c928 elementor-widget elementor-widget-heading\" data-id=\"d84c928\" data-element_type=\"widget\" data-e-type=\"widget\" data-widget_type=\"heading.default\">\n\t\t\t\t<div class=\"elementor-widget-container\">\n\t\t\t\t\t<h2 class=\"elementor-heading-title elementor-size-default\"> Additional information:\n<\/h2>\t\t\t\t<\/div>\n\t\t\t\t<\/div>\n\t\t\t\t<div class=\"elementor-element elementor-element-299dc85 elementor-widget elementor-widget-text-editor\" data-id=\"299dc85\" data-element_type=\"widget\" data-e-type=\"widget\" data-widget_type=\"text-editor.default\">\n\t\t\t\t<div class=\"elementor-widget-container\">\n\t\t\t\t\t\t\t\t\t<p>No contract obligation \u2013 pay monthly<br \/>Discount for students with a valid student ID<br \/>Option to pause membership with prior notice<\/p>\t\t\t\t\t\t\t\t<\/div>\n\t\t\t\t<\/div>\n\t\t\t\t\t<\/div>\n\t\t<\/div>\n\t\t\t\t\t<\/div>\n\t\t<\/section>\n\t\t\t\t<\/div>","protected":false},"excerpt":{"rendered":"<p>Cjenik \u010dlanstva \u2013 Fitness Centar 17 \ud83d\udcde Spremni za trening?\ud83d\udc49 Kontaktirajte nas ili posjetite centar osobno! Svi paketi uklju\u010duju: \u2705 Kori\u0161tenje kompletne opreme\u2705 Pristup svla\u010dionicama i tu\u0161evima\u2705 Klima ure\u0111aj i ventilacija\u2705 Besplatan parking\u2705 Wi-Fi pristup\u2705 Stru\u010dni nadzor i savjeti Dodatne informacije: Bez ugovorne obveze \u2013 pla\u0107anje mjese\u010dnoPopust za u\u010denike\/studente uz valjanu iskaznicuMogu\u0107nost pauziranja \u010dlanstva uz [&hellip;]<\/p>\n","protected":false},"author":1,"featured_media":0,"parent":0,"menu_order":0,"comment_status":"closed","ping_status":"closed","template":"","meta":{"footnotes":""},"class_list":["post-215","page","type-page","status-publish","hentry"],"blocksy_meta":{"page_title_panel":"","has_hero_section":"disabled","0df2dca53447789c9966a9ee2482ae8e":"","hero_section":"type-1","hero_elements":[{"id":"custom_title","enabled":true,"heading_tag":"h1","title":"Home"},{"id":"custom_description","enabled":true,"description_visibility":{"desktop":true,"tablet":true,"mobile":false}},{"id":"custom_meta","enabled":false,"meta_elements":[{"id":"author","enabled":true,"label":"By","has_author_avatar":"yes","avatar_size":25},{"id":"post_date","enabled":true,"label":"On","date_format_source":"default","date_format":"M j, Y"},{"id":"comments","enabled":true}],"page_meta_elements":{"joined":true,"articles_count":true,"comments":true}},{"id":"breadcrumbs","enabled":false}],"9a068402903147dab0312ed721d813d1":"","hero_alignment1":"left","hero_alignment2":"center","hero_vertical_alignment":"center","878df3921d36f5f7834a2f50f2d62119":"","hero_structure":"narrow","c672b96ecc952ad64c8c2d7fdf1a61dc":"","page_title_bg_type":"featured_image","custom_hero_background":{"attachment_id":null},"parallax":{"desktop":false,"tablet":false,"mobile":false},"cc7bcd5456d7cac909e888486d83b616":"","hero_height":"250px","pageTitleFont":{"family":"Default","variation":"Default","size":{"desktop":"32px","tablet":"30px","mobile":"25px"},"line-height":"CT_CSS_SKIP_RULE","letter-spacing":"CT_CSS_SKIP_RULE","text-transform":"CT_CSS_SKIP_RULE","text-decoration":"CT_CSS_SKIP_RULE"},"pageTitleFontColor":{"default":{"color":"CT_CSS_SKIP_RULEDEFAULT"}},"pageMetaFont":{"family":"Default","variation":"n6","size":"12px","line-height":"1.3","letter-spacing":"CT_CSS_SKIP_RULE","text-transform":"uppercase","text-decoration":"CT_CSS_SKIP_RULE"},"pageMetaFontColor":{"default":{"color":"CT_CSS_SKIP_RULEDEFAULT"},"hover":{"color":"CT_CSS_SKIP_RULEDEFAULT"}},"pageExcerptFont":{"family":"Default","variation":"Default","size":"CT_CSS_SKIP_RULE","line-height":"CT_CSS_SKIP_RULE","letter-spacing":"CT_CSS_SKIP_RULE","text-transform":"CT_CSS_SKIP_RULE","text-decoration":"CT_CSS_SKIP_RULE"},"pageExcerptColor":{"default":{"color":"CT_CSS_SKIP_RULEDEFAULT"}},"breadcrumbsFont":{"family":"Default","variation":"n6","size":"12px","line-height":"CT_CSS_SKIP_RULE","letter-spacing":"CT_CSS_SKIP_RULE","text-transform":"uppercase","text-decoration":"CT_CSS_SKIP_RULE"},"breadcrumbsFontColor":{"default":{"color":"CT_CSS_SKIP_RULEDEFAULT"},"initial":{"color":"CT_CSS_SKIP_RULEDEFAULT"},"hover":{"color":"CT_CSS_SKIP_RULEDEFAULT"}},"pageTitleOverlay":{"default":{"color":"rgba(41, 51, 60, 0.2)"}},"pageTitleBackground":{"background_type":"color","background_pattern":"type-1","background_image":{"attachment_id":null,"x":0,"y":0},"background_repeat":"no-repeat","background_size":"auto","background_attachment":"scroll","patternColor":{"default":{"color":"#e5e7ea"}},"backgroundColor":{"default":{"color":"#EDEFF2"}}},"5384544efa2613b7222fa667fe0c3bd5":"","page_structure_type":"default","content_style":"inherit","vertical_spacing_source":"custom","content_area_spacing":"none","background":{"background_type":"color","background_pattern":"type-1","background_image":{"attachment_id":null,"x":0,"y":0},"background_repeat":"no-repeat","background_size":"auto","background_attachment":"scroll","patternColor":{"default":{"color":"#e5e7ea"}},"backgroundColor":{"default":{"color":"CT_CSS_SKIP_RULE"}}},"content_background":{"background_type":"color","background_pattern":"type-1","background_image":{"attachment_id":null,"x":0,"y":0},"background_repeat":"no-repeat","background_size":"auto","background_attachment":"scroll","patternColor":{"default":{"color":"#e5e7ea"}},"backgroundColor":{"default":{"color":"#ffffff"}}},"content_boxed_spacing":{"desktop":"40px","tablet":"35px","mobile":"20px"},"content_boxed_radius":{"top":"3px","bottom":"3px","left":"3px","right":"3px","linked":true},"content_boxed_shadow":{"blur":18,"spread":-6,"v_offset":12,"h_offset":0,"inset":false,"enable":true,"color":{"color":"rgba(34, 56, 101, 0.04)"}},"7b360c47770bb2bc7820037d1b7ccdae":"","disable_featured_image":"no","disable_header":"no","disable_footer":"no","styles_descriptor":{"styles":{"desktop":"","tablet":"","mobile":""},"google_fonts":[]}},"yoast_head":"<!-- This site is optimized with the Yoast SEO plugin v27.3 - https:\/\/yoast.com\/product\/yoast-seo-wordpress\/ -->\n<title>17 Fitness<\/title>\n<meta name=\"robots\" content=\"index, follow, max-snippet:-1, max-image-preview:large, max-video-preview:-1\" \/>\n<link rel=\"canonical\" href=\"https:\/\/17.fitness\/en\/cjenik\/\" \/>\n<meta property=\"og:locale\" content=\"en_GB\" \/>\n<meta property=\"og:type\" content=\"article\" \/>\n<meta property=\"og:title\" content=\"17 Fitness\" \/>\n<meta property=\"og:description\" content=\"Cjenik \u010dlanstva \u2013 Fitness Centar 17 \ud83d\udcde Spremni za trening?\ud83d\udc49 Kontaktirajte nas ili posjetite centar osobno! Svi paketi uklju\u010duju: \u2705 Kori\u0161tenje kompletne opreme\u2705 Pristup svla\u010dionicama i tu\u0161evima\u2705 Klima ure\u0111aj i ventilacija\u2705 Besplatan parking\u2705 Wi-Fi pristup\u2705 Stru\u010dni nadzor i savjeti Dodatne informacije: Bez ugovorne obveze \u2013 pla\u0107anje mjese\u010dnoPopust za u\u010denike\/studente uz valjanu iskaznicuMogu\u0107nost pauziranja \u010dlanstva uz [&hellip;]\" \/>\n<meta property=\"og:url\" content=\"https:\/\/17.fitness\/en\/cjenik\/\" \/>\n<meta property=\"og:site_name\" content=\"17fitness\" \/>\n<meta property=\"article:publisher\" content=\"https:\/\/facebook.com\/17fitnesscentar\/\" \/>\n<meta property=\"article:modified_time\" content=\"2025-06-16T12:00:10+00:00\" \/>\n<meta name=\"twitter:card\" content=\"summary_large_image\" \/>\n<script type=\"application\/ld+json\" class=\"yoast-schema-graph\">{\"@context\":\"https:\\\/\\\/schema.org\",\"@graph\":[{\"@type\":\"WebPage\",\"@id\":\"https:\\\/\\\/17.fitness\\\/cjenik\\\/\",\"url\":\"https:\\\/\\\/17.fitness\\\/cjenik\\\/\",\"name\":\"17 Fitness\",\"isPartOf\":{\"@id\":\"https:\\\/\\\/17.fitness\\\/#website\"},\"datePublished\":\"2020-08-17T14:42:04+00:00\",\"dateModified\":\"2025-06-16T12:00:10+00:00\",\"breadcrumb\":{\"@id\":\"https:\\\/\\\/17.fitness\\\/cjenik\\\/#breadcrumb\"},\"inLanguage\":\"en-GB\",\"potentialAction\":[{\"@type\":\"ReadAction\",\"target\":[\"https:\\\/\\\/17.fitness\\\/cjenik\\\/\"]}]},{\"@type\":\"BreadcrumbList\",\"@id\":\"https:\\\/\\\/17.fitness\\\/cjenik\\\/#breadcrumb\",\"itemListElement\":[{\"@type\":\"ListItem\",\"position\":1,\"name\":\"Home\",\"item\":\"https:\\\/\\\/17.fitness\\\/\"},{\"@type\":\"ListItem\",\"position\":2,\"name\":\"Cjenik\"}]},{\"@type\":\"WebSite\",\"@id\":\"https:\\\/\\\/17.fitness\\\/#website\",\"url\":\"https:\\\/\\\/17.fitness\\\/\",\"name\":\"17fitness\",\"description\":\"\",\"publisher\":{\"@id\":\"https:\\\/\\\/17.fitness\\\/#organization\"},\"potentialAction\":[{\"@type\":\"SearchAction\",\"target\":{\"@type\":\"EntryPoint\",\"urlTemplate\":\"https:\\\/\\\/17.fitness\\\/?s={search_term_string}\"},\"query-input\":{\"@type\":\"PropertyValueSpecification\",\"valueRequired\":true,\"valueName\":\"search_term_string\"}}],\"inLanguage\":\"en-GB\"},{\"@type\":\"Organization\",\"@id\":\"https:\\\/\\\/17.fitness\\\/#organization\",\"name\":\"17fitness\",\"url\":\"https:\\\/\\\/17.fitness\\\/\",\"logo\":{\"@type\":\"ImageObject\",\"inLanguage\":\"en-GB\",\"@id\":\"https:\\\/\\\/17.fitness\\\/#\\\/schema\\\/logo\\\/image\\\/\",\"url\":\"https:\\\/\\\/17.fitness\\\/wp-content\\\/uploads\\\/2025\\\/06\\\/ChatGPT-Image-Jun-1-2025-11_06_12-AM.png\",\"contentUrl\":\"https:\\\/\\\/17.fitness\\\/wp-content\\\/uploads\\\/2025\\\/06\\\/ChatGPT-Image-Jun-1-2025-11_06_12-AM.png\",\"width\":1024,\"height\":1024,\"caption\":\"17fitness\"},\"image\":{\"@id\":\"https:\\\/\\\/17.fitness\\\/#\\\/schema\\\/logo\\\/image\\\/\"},\"sameAs\":[\"https:\\\/\\\/facebook.com\\\/17fitnesscentar\\\/\",\"https:\\\/\\\/www.instagram.com\\\/fitness17trogir\\\/\"]}]}<\/script>\n<!-- \/ Yoast SEO plugin. -->","yoast_head_json":{"title":"17 Fitness","robots":{"index":"index","follow":"follow","max-snippet":"max-snippet:-1","max-image-preview":"max-image-preview:large","max-video-preview":"max-video-preview:-1"},"canonical":"https:\/\/17.fitness\/en\/cjenik\/","og_locale":"en_GB","og_type":"article","og_title":"17 Fitness","og_description":"Cjenik \u010dlanstva \u2013 Fitness Centar 17 \ud83d\udcde Spremni za trening?\ud83d\udc49 Kontaktirajte nas ili posjetite centar osobno! Svi paketi uklju\u010duju: \u2705 Kori\u0161tenje kompletne opreme\u2705 Pristup svla\u010dionicama i tu\u0161evima\u2705 Klima ure\u0111aj i ventilacija\u2705 Besplatan parking\u2705 Wi-Fi pristup\u2705 Stru\u010dni nadzor i savjeti Dodatne informacije: Bez ugovorne obveze \u2013 pla\u0107anje mjese\u010dnoPopust za u\u010denike\/studente uz valjanu iskaznicuMogu\u0107nost pauziranja \u010dlanstva uz [&hellip;]","og_url":"https:\/\/17.fitness\/en\/cjenik\/","og_site_name":"17fitness","article_publisher":"https:\/\/facebook.com\/17fitnesscentar\/","article_modified_time":"2025-06-16T12:00:10+00:00","twitter_card":"summary_large_image","schema":{"@context":"https:\/\/schema.org","@graph":[{"@type":"WebPage","@id":"https:\/\/17.fitness\/cjenik\/","url":"https:\/\/17.fitness\/cjenik\/","name":"17 Fitness","isPartOf":{"@id":"https:\/\/17.fitness\/#website"},"datePublished":"2020-08-17T14:42:04+00:00","dateModified":"2025-06-16T12:00:10+00:00","breadcrumb":{"@id":"https:\/\/17.fitness\/cjenik\/#breadcrumb"},"inLanguage":"en-GB","potentialAction":[{"@type":"ReadAction","target":["https:\/\/17.fitness\/cjenik\/"]}]},{"@type":"BreadcrumbList","@id":"https:\/\/17.fitness\/cjenik\/#breadcrumb","itemListElement":[{"@type":"ListItem","position":1,"name":"Home","item":"https:\/\/17.fitness\/"},{"@type":"ListItem","position":2,"name":"Cjenik"}]},{"@type":"WebSite","@id":"https:\/\/17.fitness\/#website","url":"https:\/\/17.fitness\/","name":"17fitness","description":"","publisher":{"@id":"https:\/\/17.fitness\/#organization"},"potentialAction":[{"@type":"SearchAction","target":{"@type":"EntryPoint","urlTemplate":"https:\/\/17.fitness\/?s={search_term_string}"},"query-input":{"@type":"PropertyValueSpecification","valueRequired":true,"valueName":"search_term_string"}}],"inLanguage":"en-GB"},{"@type":"Organization","@id":"https:\/\/17.fitness\/#organization","name":"17fitness","url":"https:\/\/17.fitness\/","logo":{"@type":"ImageObject","inLanguage":"en-GB","@id":"https:\/\/17.fitness\/#\/schema\/logo\/image\/","url":"https:\/\/17.fitness\/wp-content\/uploads\/2025\/06\/ChatGPT-Image-Jun-1-2025-11_06_12-AM.png","contentUrl":"https:\/\/17.fitness\/wp-content\/uploads\/2025\/06\/ChatGPT-Image-Jun-1-2025-11_06_12-AM.png","width":1024,"height":1024,"caption":"17fitness"},"image":{"@id":"https:\/\/17.fitness\/#\/schema\/logo\/image\/"},"sameAs":["https:\/\/facebook.com\/17fitnesscentar\/","https:\/\/www.instagram.com\/fitness17trogir\/"]}]}},"_links":{"self":[{"href":"https:\/\/17.fitness\/en\/wp-json\/wp\/v2\/pages\/215","targetHints":{"allow":["GET"]}}],"collection":[{"href":"https:\/\/17.fitness\/en\/wp-json\/wp\/v2\/pages"}],"about":[{"href":"https:\/\/17.fitness\/en\/wp-json\/wp\/v2\/types\/page"}],"author":[{"embeddable":true,"href":"https:\/\/17.fitness\/en\/wp-json\/wp\/v2\/users\/1"}],"replies":[{"embeddable":true,"href":"https:\/\/17.fitness\/en\/wp-json\/wp\/v2\/comments?post=215"}],"version-history":[{"count":76,"href":"https:\/\/17.fitness\/en\/wp-json\/wp\/v2\/pages\/215\/revisions"}],"predecessor-version":[{"id":1593,"href":"https:\/\/17.fitness\/en\/wp-json\/wp\/v2\/pages\/215\/revisions\/1593"}],"wp:attachment":[{"href":"https:\/\/17.fitness\/en\/wp-json\/wp\/v2\/media?parent=215"}],"curies":[{"name":"wp","href":"https:\/\/api.w.org\/{rel}","templated":true}]}}