{"id":782,"date":"2025-05-21T18:25:23","date_gmt":"2025-05-21T17:25:23","guid":{"rendered":"http:\/\/17fitness.local\/?page_id=782"},"modified":"2025-06-16T13:02:09","modified_gmt":"2025-06-16T12:02:09","slug":"grupe","status":"publish","type":"page","link":"https:\/\/17.fitness\/en\/grupe\/","title":{"rendered":"Classes"},"content":{"rendered":"<div data-elementor-type=\"wp-page\" data-elementor-id=\"782\" class=\"elementor elementor-782\">\n\t\t\t\t\t\t<section class=\"elementor-section elementor-top-section elementor-element elementor-element-166eefda ct-section-stretched elementor-section-boxed elementor-section-height-default elementor-section-height-default\" data-id=\"166eefda\" data-element_type=\"section\" data-e-type=\"section\" data-settings=\"{&quot;background_background&quot;:&quot;classic&quot;}\">\n\t\t\t\t\t\t\t<div class=\"elementor-background-overlay\"><\/div>\n\t\t\t\t\t\t\t<div class=\"elementor-container elementor-column-gap-default\">\n\t\t\t\t\t<div class=\"elementor-column elementor-col-100 elementor-top-column elementor-element elementor-element-314d1d\" data-id=\"314d1d\" data-element_type=\"column\" data-e-type=\"column\">\n\t\t\t<div class=\"elementor-widget-wrap elementor-element-populated\">\n\t\t\t\t\t\t<div class=\"elementor-element elementor-element-2de97390 elementor-widget elementor-widget-heading\" data-id=\"2de97390\" data-element_type=\"widget\" data-e-type=\"widget\" data-widget_type=\"heading.default\">\n\t\t\t\t<div class=\"elementor-widget-container\">\n\t\t\t\t\t<h2 class=\"elementor-heading-title elementor-size-default\"><p data-start=\"352\" data-end=\"422\">Group workouts<br><\/p><\/h2>\t\t\t\t<\/div>\n\t\t\t\t<\/div>\n\t\t\t\t<div class=\"elementor-element elementor-element-e010e9e elementor-widget elementor-widget-text-editor\" data-id=\"e010e9e\" data-element_type=\"widget\" data-e-type=\"widget\" data-widget_type=\"text-editor.default\">\n\t\t\t\t<div class=\"elementor-widget-container\">\n\t\t\t\t\t\t\t\t\t<p data-elementor-setting-key=\"title\" data-pen-placeholder=\"Type Here...\">\u00a0<\/p><p class=\"elementor-heading-title elementor-size-default elementor-inline-editing pen\" data-elementor-setting-key=\"title\" data-pen-placeholder=\"Type Here...\">Train with professional guidance in small groups.<\/p><p>Work out with expert guidance in small group sessions.<\/p>\t\t\t\t\t\t\t\t<\/div>\n\t\t\t\t<\/div>\n\t\t<div class=\"elementor-element elementor-element-2dee370 e-flex e-con-boxed e-con e-parent\" data-id=\"2dee370\" data-element_type=\"container\" data-e-type=\"container\">\n\t\t\t\t\t<div class=\"e-con-inner\">\n\t\t\t\t<div class=\"elementor-element elementor-element-066e878 elementor-widget elementor-widget-heading\" data-id=\"066e878\" data-element_type=\"widget\" data-e-type=\"widget\" data-widget_type=\"heading.default\">\n\t\t\t\t<div class=\"elementor-widget-container\">\n\t\t\t\t\t<h5 class=\"elementor-heading-title elementor-size-default\">\ud83d\udd25Iron HIIT<br><br>\n\ud83e\udd38Pilates <br><br>\n\ud83c\udfcb\ufe0f UBW <br><br><br><br><br><\/h5>\t\t\t\t<\/div>\n\t\t\t\t<\/div>\n\t\t\t\t\t<\/div>\n\t\t\t\t<\/div>\n\t\t\t\t\t<\/div>\n\t\t<\/div>\n\t\t\t\t\t<\/div>\n\t\t<\/section>\n\t\t<div class=\"elementor-element elementor-element-77afbd2 e-flex e-con-boxed e-con e-parent\" data-id=\"77afbd2\" data-element_type=\"container\" data-e-type=\"container\">\n\t\t\t\t\t<div class=\"e-con-inner\">\n\t\t<div class=\"elementor-element elementor-element-fbad57e e-flex e-con-boxed e-con e-child\" data-id=\"fbad57e\" data-element_type=\"container\" data-e-type=\"container\">\n\t\t\t\t\t<div class=\"e-con-inner\">\n\t\t\t\t<div class=\"elementor-element elementor-element-6b0c6a5 elementor-widget elementor-widget-heading\" data-id=\"6b0c6a5\" data-element_type=\"widget\" data-e-type=\"widget\" data-widget_type=\"heading.default\">\n\t\t\t\t<div class=\"elementor-widget-container\">\n\t\t\t\t\t<h2 class=\"elementor-heading-title elementor-size-default\">Class Schedule<\/h2>\t\t\t\t<\/div>\n\t\t\t\t<\/div>\n\t\t\t\t\t<\/div>\n\t\t\t\t<\/div>\n\t\t\t\t<div class=\"elementor-element elementor-element-fe43cfd elementor-widget elementor-widget-html\" data-id=\"fe43cfd\" data-element_type=\"widget\" data-e-type=\"widget\" data-widget_type=\"html.default\">\n\t\t\t\t<div class=\"elementor-widget-container\">\n\t\t\t\t\t<div id=\"footable_parent_1285\"\n         class=\"footable_parent ninja_table_wrapper loading_ninja_table wp_table_data_press_parent semantic_ui\">\n                <table data-ninja_table_instance=\"ninja_table_instance_0\" data-footable_id=\"1285\" data-filter-delay=\"1000\" aria-label=\"Raspored grupa (Imported From Table Press)\"            id=\"footable_1285\"\n           data-unique_identifier=\"ninja_table_unique_id_3657229597_1285\"\n           class=\"foo-table ninja_footable foo_table_1285 ninja_table_unique_id_3657229597_1285 ui table  ninja_search_right nt_type_ajax_table vertical_centered  footable-paging-right ninja_table_search_disabled\">\n                <colgroup>\n                            <col class=\"ninja_column_0\">\n                            <col class=\"ninja_column_1\">\n                            <col class=\"ninja_column_2\">\n                            <col class=\"ninja_column_3\">\n                            <col class=\"ninja_column_4\">\n                            <col class=\"ninja_column_5\">\n                    <\/colgroup>\n            <\/table>\n    \n    \n    \n<\/div>\n\t\t\t\t<\/div>\n\t\t\t\t<\/div>\n\t\t\t\t\t<\/div>\n\t\t\t\t<\/div>\n\t\t\t\t<section class=\"elementor-section elementor-top-section elementor-element elementor-element-b87a695 elementor-section-boxed elementor-section-height-default elementor-section-height-default\" data-id=\"b87a695\" data-element_type=\"section\" data-e-type=\"section\">\n\t\t\t\t\t\t<div class=\"elementor-container elementor-column-gap-no\">\n\t\t\t\t\t<div class=\"elementor-column elementor-col-50 elementor-top-column elementor-element elementor-element-b200653\" data-id=\"b200653\" data-element_type=\"column\" data-e-type=\"column\">\n\t\t\t<div class=\"elementor-widget-wrap elementor-element-populated\">\n\t\t\t\t\t\t<div class=\"elementor-element elementor-element-d3f245c elementor-widget elementor-widget-spacer\" data-id=\"d3f245c\" data-element_type=\"widget\" data-e-type=\"widget\" data-widget_type=\"spacer.default\">\n\t\t\t\t<div class=\"elementor-widget-container\">\n\t\t\t\t\t\t\t<div class=\"elementor-spacer\">\n\t\t\t<div class=\"elementor-spacer-inner\"><\/div>\n\t\t<\/div>\n\t\t\t\t\t\t<\/div>\n\t\t\t\t<\/div>\n\t\t\t\t<div class=\"elementor-element elementor-element-97e1a86 elementor-widget elementor-widget-icon-box\" data-id=\"97e1a86\" data-element_type=\"widget\" data-e-type=\"widget\" data-widget_type=\"icon-box.default\">\n\t\t\t\t<div class=\"elementor-widget-container\">\n\t\t\t\t\t\t\t<div class=\"elementor-icon-box-wrapper\">\n\n\t\t\t\n\t\t\t\t\t\t<div class=\"elementor-icon-box-content\">\n\n\t\t\t\t\t\t\t\t\t<h3 class=\"elementor-icon-box-title\">\n\t\t\t\t\t\t<span  >\n\t\t\t\t\t\t\t\ud83e\udd38 PILATES\t\t\t\t\t\t<\/span>\n\t\t\t\t\t<\/h3>\n\t\t\t\t\n\t\t\t\t\t\t\t\t\t<p class=\"elementor-icon-box-description\">\n\t\t\t\t\t\t<strong data-start=\"216\" data-end=\"280\">Focus on core strength, flexibility, and controlled breathing.<\/strong><br data-start=\"280\" data-end=\"283\">\nIdeal for improving posture, mobility, and balance.<br data-start=\"340\" data-end=\"343\">\nSuitable for all fitness levels.\t\t\t\t\t<\/p>\n\t\t\t\t\n\t\t\t<\/div>\n\t\t\t\n\t\t<\/div>\n\t\t\t\t\t\t<\/div>\n\t\t\t\t<\/div>\n\t\t\t\t\t<\/div>\n\t\t<\/div>\n\t\t\t\t<div class=\"elementor-column elementor-col-50 elementor-top-column elementor-element elementor-element-82f8437\" data-id=\"82f8437\" data-element_type=\"column\" data-e-type=\"column\">\n\t\t\t<div class=\"elementor-widget-wrap elementor-element-populated\">\n\t\t\t\t\t\t<div class=\"elementor-element elementor-element-55f40bc elementor-widget elementor-widget-spacer\" data-id=\"55f40bc\" data-element_type=\"widget\" data-e-type=\"widget\" data-widget_type=\"spacer.default\">\n\t\t\t\t<div class=\"elementor-widget-container\">\n\t\t\t\t\t\t\t<div class=\"elementor-spacer\">\n\t\t\t<div class=\"elementor-spacer-inner\"><\/div>\n\t\t<\/div>\n\t\t\t\t\t\t<\/div>\n\t\t\t\t<\/div>\n\t\t\t\t<div class=\"elementor-element elementor-element-89f189c elementor-widget elementor-widget-icon-box\" data-id=\"89f189c\" data-element_type=\"widget\" data-e-type=\"widget\" data-widget_type=\"icon-box.default\">\n\t\t\t\t<div class=\"elementor-widget-container\">\n\t\t\t\t\t\t\t<div class=\"elementor-icon-box-wrapper\">\n\n\t\t\t\n\t\t\t\t\t\t<div class=\"elementor-icon-box-content\">\n\n\t\t\t\t\t\t\t\t\t<h3 class=\"elementor-icon-box-title\">\n\t\t\t\t\t\t<span  >\n\t\t\t\t\t\t\t\ud83c\udfcb\ufe0f UBW\t\t\t\t\t\t<\/span>\n\t\t\t\t\t<\/h3>\n\t\t\t\t\n\t\t\t\t\t\t\t\t\t<p class=\"elementor-icon-box-description\">\n\t\t\t\t\t\t<strong data-start=\"428\" data-end=\"487\">Upper Body Workout<br>Bodyweight training with simple equipment.<\/strong><br data-start=\"487\" data-end=\"490\">\nStrengthens arms, shoulders, and upper back \u2014 no machines needed.<br data-start=\"554\" data-end=\"557\">\nPerfect for toning and functional strength.\t\t\t\t\t<\/p>\n\t\t\t\t\n\t\t\t<\/div>\n\t\t\t\n\t\t<\/div>\n\t\t\t\t\t\t<\/div>\n\t\t\t\t<\/div>\n\t\t\t\t\t<\/div>\n\t\t<\/div>\n\t\t\t\t\t<\/div>\n\t\t<\/section>\n\t\t\t\t<section class=\"elementor-section elementor-top-section elementor-element elementor-element-0ac85dc elementor-section-boxed elementor-section-height-default elementor-section-height-default\" data-id=\"0ac85dc\" data-element_type=\"section\" data-e-type=\"section\">\n\t\t\t\t\t\t<div class=\"elementor-container elementor-column-gap-no\">\n\t\t\t\t\t<div class=\"elementor-column elementor-col-100 elementor-top-column elementor-element elementor-element-ea184d6\" data-id=\"ea184d6\" data-element_type=\"column\" data-e-type=\"column\">\n\t\t\t<div class=\"elementor-widget-wrap elementor-element-populated\">\n\t\t\t\t\t\t<div class=\"elementor-element elementor-element-b938e81 elementor-widget elementor-widget-spacer\" data-id=\"b938e81\" data-element_type=\"widget\" data-e-type=\"widget\" data-widget_type=\"spacer.default\">\n\t\t\t\t<div class=\"elementor-widget-container\">\n\t\t\t\t\t\t\t<div class=\"elementor-spacer\">\n\t\t\t<div class=\"elementor-spacer-inner\"><\/div>\n\t\t<\/div>\n\t\t\t\t\t\t<\/div>\n\t\t\t\t<\/div>\n\t\t\t\t<div class=\"elementor-element elementor-element-25bffb8 elementor-widget elementor-widget-icon-box\" data-id=\"25bffb8\" data-element_type=\"widget\" data-e-type=\"widget\" data-widget_type=\"icon-box.default\">\n\t\t\t\t<div class=\"elementor-widget-container\">\n\t\t\t\t\t\t\t<div class=\"elementor-icon-box-wrapper\">\n\n\t\t\t\n\t\t\t\t\t\t<div class=\"elementor-icon-box-content\">\n\n\t\t\t\t\t\t\t\t\t<h3 class=\"elementor-icon-box-title\">\n\t\t\t\t\t\t<span  >\n\t\t\t\t\t\t\t\ud83d\udd25 IRON HIIT\t\t\t\t\t\t<\/span>\n\t\t\t\t\t<\/h3>\n\t\t\t\t\n\t\t\t\t\t\t\t\t\t<p class=\"elementor-icon-box-description\">\n\t\t\t\t\t\t<strong data-start=\"629\" data-end=\"689\">High-intensity strength and cardio power workout.<\/strong><br>\nCombines weights and HIIT protocols for rapid calorie burn.<br>\nDesigned for those who want to get the most out of every session.\t\t\t\t\t<\/p>\n\t\t\t\t\n\t\t\t<\/div>\n\t\t\t\n\t\t<\/div>\n\t\t\t\t\t\t<\/div>\n\t\t\t\t<\/div>\n\t\t\t\t\t<\/div>\n\t\t<\/div>\n\t\t\t\t\t<\/div>\n\t\t<\/section>\n\t\t<div class=\"elementor-element elementor-element-eecc164 e-flex e-con-boxed e-con e-parent\" data-id=\"eecc164\" data-element_type=\"container\" data-e-type=\"container\">\n\t\t\t\t\t<div class=\"e-con-inner\">\n\t\t\t\t<div class=\"elementor-element elementor-element-a8df2e9 elementor-widget elementor-widget-spacer\" data-id=\"a8df2e9\" data-element_type=\"widget\" data-e-type=\"widget\" data-widget_type=\"spacer.default\">\n\t\t\t\t<div class=\"elementor-widget-container\">\n\t\t\t\t\t\t\t<div class=\"elementor-spacer\">\n\t\t\t<div class=\"elementor-spacer-inner\"><\/div>\n\t\t<\/div>\n\t\t\t\t\t\t<\/div>\n\t\t\t\t<\/div>\n\t\t\t\t\t<\/div>\n\t\t\t\t<\/div>\n\t\t\t\t<\/div>","protected":false},"excerpt":{"rendered":"<p>Grupni treninzi \u00a0 Treniraj uz stru\u010dno vodstvo u malim grupama. Za sve razine kondicije. \ud83d\udd25Iron HIIT \ud83e\udd38Pilates \ud83c\udfcb\ufe0f UBW Raspored grupa \ud83e\udd38 PILATES Fokus na snagu jezgre, fleksibilnost i kontrolirano disanje. Idealan za pobolj\u0161anje posture, mobilnosti i ravnote\u017ee. Prilago\u0111en svim razinama kondicije. \ud83c\udfcb\ufe0f UBW Upper Body WorkoutTrening s vlastitom te\u017einom i jednostavnim rekvizitima. Ja\u010da ruke, [&hellip;]<\/p>\n","protected":false},"author":1,"featured_media":0,"parent":0,"menu_order":0,"comment_status":"closed","ping_status":"closed","template":"","meta":{"footnotes":""},"class_list":["post-782","page","type-page","status-publish","hentry"],"blocksy_meta":{"page_title_panel":"","has_hero_section":"disabled","bc159c5af2a03de5c75561ba297140d8":"","hero_section":"type-1","hero_elements":[{"id":"custom_title","enabled":true,"heading_tag":"h1","title":"Home"},{"id":"custom_description","enabled":true,"description_visibility":{"desktop":true,"tablet":true,"mobile":false}},{"id":"custom_meta","enabled":false,"meta_elements":[{"id":"author","enabled":true,"label":"By","has_author_avatar":"yes","avatar_size":25},{"id":"post_date","enabled":true,"label":"On","date_format_source":"default","date_format":"M j, Y"},{"id":"comments","enabled":true}],"page_meta_elements":{"joined":true,"articles_count":true,"comments":true}},{"id":"breadcrumbs","enabled":false}],"df3eb590217e0ce26e832da2c07e7ca6":"","hero_alignment1":"left","hero_alignment2":"center","hero_vertical_alignment":"center","19d24a625abe62e6d16b259439e9cba0":"","hero_structure":"narrow","a3dd00aea12a8c52bdc0775015a386ce":"","page_title_bg_type":"featured_image","custom_hero_background":{"attachment_id":null},"parallax":{"desktop":false,"tablet":false,"mobile":false},"007fc1b0d7d7ea0d9823538a36652bf9":"","hero_height":"250px","pageTitleFont":{"family":"Default","variation":"Default","size":{"desktop":"32px","tablet":"30px","mobile":"25px"},"line-height":"CT_CSS_SKIP_RULE","letter-spacing":"CT_CSS_SKIP_RULE","text-transform":"CT_CSS_SKIP_RULE","text-decoration":"CT_CSS_SKIP_RULE"},"pageTitleFontColor":{"default":{"color":"CT_CSS_SKIP_RULEDEFAULT"}},"pageMetaFont":{"family":"Default","variation":"n6","size":"12px","line-height":"1.3","letter-spacing":"CT_CSS_SKIP_RULE","text-transform":"uppercase","text-decoration":"CT_CSS_SKIP_RULE"},"pageMetaFontColor":{"default":{"color":"CT_CSS_SKIP_RULEDEFAULT"},"hover":{"color":"CT_CSS_SKIP_RULEDEFAULT"}},"pageExcerptFont":{"family":"Default","variation":"Default","size":"CT_CSS_SKIP_RULE","line-height":"CT_CSS_SKIP_RULE","letter-spacing":"CT_CSS_SKIP_RULE","text-transform":"CT_CSS_SKIP_RULE","text-decoration":"CT_CSS_SKIP_RULE"},"pageExcerptColor":{"default":{"color":"CT_CSS_SKIP_RULEDEFAULT"}},"breadcrumbsFont":{"family":"Default","variation":"n6","size":"12px","line-height":"CT_CSS_SKIP_RULE","letter-spacing":"CT_CSS_SKIP_RULE","text-transform":"uppercase","text-decoration":"CT_CSS_SKIP_RULE"},"breadcrumbsFontColor":{"default":{"color":"CT_CSS_SKIP_RULEDEFAULT"},"initial":{"color":"CT_CSS_SKIP_RULEDEFAULT"},"hover":{"color":"CT_CSS_SKIP_RULEDEFAULT"}},"pageTitleOverlay":{"default":{"color":"rgba(41, 51, 60, 0.2)"}},"pageTitleBackground":{"background_type":"color","background_pattern":"type-1","background_image":{"attachment_id":null,"x":0,"y":0},"background_repeat":"no-repeat","background_size":"auto","background_attachment":"scroll","patternColor":{"default":{"color":"#e5e7ea"}},"backgroundColor":{"default":{"color":"#EDEFF2"}}},"806cf646dc975203c3ef573b498d2a6c":"","page_structure_type":"default","content_style":"inherit","vertical_spacing_source":"custom","content_area_spacing":"none","background":{"background_type":"color","background_pattern":"type-1","background_image":{"attachment_id":null,"x":0,"y":0},"background_repeat":"no-repeat","background_size":"auto","background_attachment":"scroll","patternColor":{"default":{"color":"#e5e7ea"}},"backgroundColor":{"default":{"color":"CT_CSS_SKIP_RULE"}}},"content_background":{"background_type":"color","background_pattern":"type-1","background_image":{"attachment_id":null,"x":0,"y":0},"background_repeat":"no-repeat","background_size":"auto","background_attachment":"scroll","patternColor":{"default":{"color":"#e5e7ea"}},"backgroundColor":{"default":{"color":"#ffffff"}}},"content_boxed_spacing":{"desktop":"40px","tablet":"35px","mobile":"20px"},"content_boxed_radius":{"top":"3px","bottom":"3px","left":"3px","right":"3px","linked":true},"content_boxed_shadow":{"blur":18,"spread":-6,"v_offset":12,"h_offset":0,"inset":false,"enable":true,"color":{"color":"rgba(34, 56, 101, 0.04)"}},"19c6ff9349ac0932d7247f0e755658ea":"","disable_featured_image":"no","disable_header":"no","disable_footer":"no","styles_descriptor":{"styles":{"desktop":"","tablet":"","mobile":""},"google_fonts":[]}},"yoast_head":"<!-- This site is optimized with the Yoast SEO plugin v27.3 - https:\/\/yoast.com\/product\/yoast-seo-wordpress\/ -->\n<title>17 Fitness<\/title>\n<meta name=\"robots\" content=\"index, follow, max-snippet:-1, max-image-preview:large, max-video-preview:-1\" \/>\n<link rel=\"canonical\" href=\"https:\/\/17.fitness\/en\/grupe\/\" \/>\n<meta property=\"og:locale\" content=\"en_GB\" \/>\n<meta property=\"og:type\" content=\"article\" \/>\n<meta property=\"og:title\" content=\"17 Fitness\" \/>\n<meta property=\"og:description\" content=\"Grupni treninzi \u00a0 Treniraj uz stru\u010dno vodstvo u malim grupama. Za sve razine kondicije. \ud83d\udd25Iron HIIT \ud83e\udd38Pilates \ud83c\udfcb\ufe0f UBW Raspored grupa \ud83e\udd38 PILATES Fokus na snagu jezgre, fleksibilnost i kontrolirano disanje. Idealan za pobolj\u0161anje posture, mobilnosti i ravnote\u017ee. Prilago\u0111en svim razinama kondicije. \ud83c\udfcb\ufe0f UBW Upper Body WorkoutTrening s vlastitom te\u017einom i jednostavnim rekvizitima. Ja\u010da ruke, [&hellip;]\" \/>\n<meta property=\"og:url\" content=\"https:\/\/17.fitness\/en\/grupe\/\" \/>\n<meta property=\"og:site_name\" content=\"17fitness\" \/>\n<meta property=\"article:publisher\" content=\"https:\/\/facebook.com\/17fitnesscentar\/\" \/>\n<meta property=\"article:modified_time\" content=\"2025-06-16T12:02:09+00:00\" \/>\n<meta name=\"twitter:card\" content=\"summary_large_image\" \/>\n<meta name=\"twitter:label1\" content=\"Estimated reading time\" \/>\n\t<meta name=\"twitter:data1\" content=\"1 minute\" \/>\n<script type=\"application\/ld+json\" class=\"yoast-schema-graph\">{\"@context\":\"https:\\\/\\\/schema.org\",\"@graph\":[{\"@type\":\"WebPage\",\"@id\":\"https:\\\/\\\/17.fitness\\\/grupe\\\/\",\"url\":\"https:\\\/\\\/17.fitness\\\/grupe\\\/\",\"name\":\"17 Fitness\",\"isPartOf\":{\"@id\":\"https:\\\/\\\/17.fitness\\\/#website\"},\"datePublished\":\"2025-05-21T17:25:23+00:00\",\"dateModified\":\"2025-06-16T12:02:09+00:00\",\"breadcrumb\":{\"@id\":\"https:\\\/\\\/17.fitness\\\/grupe\\\/#breadcrumb\"},\"inLanguage\":\"en-GB\",\"potentialAction\":[{\"@type\":\"ReadAction\",\"target\":[\"https:\\\/\\\/17.fitness\\\/grupe\\\/\"]}]},{\"@type\":\"BreadcrumbList\",\"@id\":\"https:\\\/\\\/17.fitness\\\/grupe\\\/#breadcrumb\",\"itemListElement\":[{\"@type\":\"ListItem\",\"position\":1,\"name\":\"Home\",\"item\":\"https:\\\/\\\/17.fitness\\\/\"},{\"@type\":\"ListItem\",\"position\":2,\"name\":\"Grupe\"}]},{\"@type\":\"WebSite\",\"@id\":\"https:\\\/\\\/17.fitness\\\/#website\",\"url\":\"https:\\\/\\\/17.fitness\\\/\",\"name\":\"17fitness\",\"description\":\"\",\"publisher\":{\"@id\":\"https:\\\/\\\/17.fitness\\\/#organization\"},\"potentialAction\":[{\"@type\":\"SearchAction\",\"target\":{\"@type\":\"EntryPoint\",\"urlTemplate\":\"https:\\\/\\\/17.fitness\\\/?s={search_term_string}\"},\"query-input\":{\"@type\":\"PropertyValueSpecification\",\"valueRequired\":true,\"valueName\":\"search_term_string\"}}],\"inLanguage\":\"en-GB\"},{\"@type\":\"Organization\",\"@id\":\"https:\\\/\\\/17.fitness\\\/#organization\",\"name\":\"17fitness\",\"url\":\"https:\\\/\\\/17.fitness\\\/\",\"logo\":{\"@type\":\"ImageObject\",\"inLanguage\":\"en-GB\",\"@id\":\"https:\\\/\\\/17.fitness\\\/#\\\/schema\\\/logo\\\/image\\\/\",\"url\":\"https:\\\/\\\/17.fitness\\\/wp-content\\\/uploads\\\/2025\\\/06\\\/ChatGPT-Image-Jun-1-2025-11_06_12-AM.png\",\"contentUrl\":\"https:\\\/\\\/17.fitness\\\/wp-content\\\/uploads\\\/2025\\\/06\\\/ChatGPT-Image-Jun-1-2025-11_06_12-AM.png\",\"width\":1024,\"height\":1024,\"caption\":\"17fitness\"},\"image\":{\"@id\":\"https:\\\/\\\/17.fitness\\\/#\\\/schema\\\/logo\\\/image\\\/\"},\"sameAs\":[\"https:\\\/\\\/facebook.com\\\/17fitnesscentar\\\/\",\"https:\\\/\\\/www.instagram.com\\\/fitness17trogir\\\/\"]}]}<\/script>\n<!-- \/ Yoast SEO plugin. -->","yoast_head_json":{"title":"17 Fitness","robots":{"index":"index","follow":"follow","max-snippet":"max-snippet:-1","max-image-preview":"max-image-preview:large","max-video-preview":"max-video-preview:-1"},"canonical":"https:\/\/17.fitness\/en\/grupe\/","og_locale":"en_GB","og_type":"article","og_title":"17 Fitness","og_description":"Grupni treninzi \u00a0 Treniraj uz stru\u010dno vodstvo u malim grupama. Za sve razine kondicije. \ud83d\udd25Iron HIIT \ud83e\udd38Pilates \ud83c\udfcb\ufe0f UBW Raspored grupa \ud83e\udd38 PILATES Fokus na snagu jezgre, fleksibilnost i kontrolirano disanje. Idealan za pobolj\u0161anje posture, mobilnosti i ravnote\u017ee. Prilago\u0111en svim razinama kondicije. \ud83c\udfcb\ufe0f UBW Upper Body WorkoutTrening s vlastitom te\u017einom i jednostavnim rekvizitima. Ja\u010da ruke, [&hellip;]","og_url":"https:\/\/17.fitness\/en\/grupe\/","og_site_name":"17fitness","article_publisher":"https:\/\/facebook.com\/17fitnesscentar\/","article_modified_time":"2025-06-16T12:02:09+00:00","twitter_card":"summary_large_image","twitter_misc":{"Estimated reading time":"1 minute"},"schema":{"@context":"https:\/\/schema.org","@graph":[{"@type":"WebPage","@id":"https:\/\/17.fitness\/grupe\/","url":"https:\/\/17.fitness\/grupe\/","name":"17 Fitness","isPartOf":{"@id":"https:\/\/17.fitness\/#website"},"datePublished":"2025-05-21T17:25:23+00:00","dateModified":"2025-06-16T12:02:09+00:00","breadcrumb":{"@id":"https:\/\/17.fitness\/grupe\/#breadcrumb"},"inLanguage":"en-GB","potentialAction":[{"@type":"ReadAction","target":["https:\/\/17.fitness\/grupe\/"]}]},{"@type":"BreadcrumbList","@id":"https:\/\/17.fitness\/grupe\/#breadcrumb","itemListElement":[{"@type":"ListItem","position":1,"name":"Home","item":"https:\/\/17.fitness\/"},{"@type":"ListItem","position":2,"name":"Grupe"}]},{"@type":"WebSite","@id":"https:\/\/17.fitness\/#website","url":"https:\/\/17.fitness\/","name":"17fitness","description":"","publisher":{"@id":"https:\/\/17.fitness\/#organization"},"potentialAction":[{"@type":"SearchAction","target":{"@type":"EntryPoint","urlTemplate":"https:\/\/17.fitness\/?s={search_term_string}"},"query-input":{"@type":"PropertyValueSpecification","valueRequired":true,"valueName":"search_term_string"}}],"inLanguage":"en-GB"},{"@type":"Organization","@id":"https:\/\/17.fitness\/#organization","name":"17fitness","url":"https:\/\/17.fitness\/","logo":{"@type":"ImageObject","inLanguage":"en-GB","@id":"https:\/\/17.fitness\/#\/schema\/logo\/image\/","url":"https:\/\/17.fitness\/wp-content\/uploads\/2025\/06\/ChatGPT-Image-Jun-1-2025-11_06_12-AM.png","contentUrl":"https:\/\/17.fitness\/wp-content\/uploads\/2025\/06\/ChatGPT-Image-Jun-1-2025-11_06_12-AM.png","width":1024,"height":1024,"caption":"17fitness"},"image":{"@id":"https:\/\/17.fitness\/#\/schema\/logo\/image\/"},"sameAs":["https:\/\/facebook.com\/17fitnesscentar\/","https:\/\/www.instagram.com\/fitness17trogir\/"]}]}},"_links":{"self":[{"href":"https:\/\/17.fitness\/en\/wp-json\/wp\/v2\/pages\/782","targetHints":{"allow":["GET"]}}],"collection":[{"href":"https:\/\/17.fitness\/en\/wp-json\/wp\/v2\/pages"}],"about":[{"href":"https:\/\/17.fitness\/en\/wp-json\/wp\/v2\/types\/page"}],"author":[{"embeddable":true,"href":"https:\/\/17.fitness\/en\/wp-json\/wp\/v2\/users\/1"}],"replies":[{"embeddable":true,"href":"https:\/\/17.fitness\/en\/wp-json\/wp\/v2\/comments?post=782"}],"version-history":[{"count":185,"href":"https:\/\/17.fitness\/en\/wp-json\/wp\/v2\/pages\/782\/revisions"}],"predecessor-version":[{"id":1601,"href":"https:\/\/17.fitness\/en\/wp-json\/wp\/v2\/pages\/782\/revisions\/1601"}],"wp:attachment":[{"href":"https:\/\/17.fitness\/en\/wp-json\/wp\/v2\/media?parent=782"}],"curies":[{"name":"wp","href":"https:\/\/api.w.org\/{rel}","templated":true}]}}